{"id":22,"date":"2022-07-27T08:13:18","date_gmt":"2022-07-27T08:13:18","guid":{"rendered":"http:\/\/foodtourljubljana.com\/?page_id=22"},"modified":"2026-03-05T07:07:37","modified_gmt":"2026-03-05T07:07:37","slug":"cheque-cadeau","status":"publish","type":"page","link":"https:\/\/foodtourljubljana.com\/fr\/cheque-cadeau\/","title":{"rendered":"Ch\u00e8que-cadeau"},"content":{"rendered":"<p>Faites une surprise \u00e0 quelqu'un qui aime d\u00e9guster des plats en lui offrant une visite guid\u00e9e de Ljubljana.<\/p>\n\n\n\n<p>Le bon est valable 6 mois et le b\u00e9n\u00e9ficiaire peut d\u00e9cider de l'utiliser \u00e0 n'importe quelle date disponible.<\/p>\n\n\n\n<p><strong>Price: 89\u20ac per person<\/strong><\/p>\n\n\n\n<p><strong>Remplissez le formulaire ou appelez-nous au 00 386 41 90 50 70<\/strong><strong>. Vous pouvez recevoir votre bon imm\u00e9diatement apr\u00e8s votre achat.<\/strong><\/p>\n\n\n\n<p>Nous pouvons vous envoyer un ch\u00e8que-cadeau par courrier \u00e9lectronique afin que vous puissiez l'imprimer vous-m\u00eame ou vous pouvez venir le chercher personnellement \u00e0 notre bureau dans le centre ville de Ljubljana.<\/p>","protected":false},"excerpt":{"rendered":"<p>Surprise someone that enjoys tasting food with the gift to experience our Food Tour Ljubljana. The voucher is valid for 6 months and the recipient may decide to use it at any available date. Price: 89\u20ac per person Fill the form or call us on 00 386&nbsp;41 90 50 70. You can receive your voucher &hellip; <a href=\"https:\/\/foodtourljubljana.com\/fr\/cheque-cadeau\/\">Suite<\/a><\/p>","protected":false},"author":45,"featured_media":0,"parent":0,"menu_order":0,"comment_status":"closed","ping_status":"closed","template":"","meta":{"_acf_changed":false,"footnotes":""},"acf":{"page_subheading":"Looking to find a gift for your foodie friend? A voucher for a food tour in Ljubljana is the best gift they could wish for."},"_links":{"self":[{"href":"https:\/\/foodtourljubljana.com\/fr\/wp-json\/wp\/v2\/pages\/22"}],"collection":[{"href":"https:\/\/foodtourljubljana.com\/fr\/wp-json\/wp\/v2\/pages"}],"about":[{"href":"https:\/\/foodtourljubljana.com\/fr\/wp-json\/wp\/v2\/types\/page"}],"author":[{"embeddable":true,"href":"https:\/\/foodtourljubljana.com\/fr\/wp-json\/wp\/v2\/users\/45"}],"replies":[{"embeddable":true,"href":"https:\/\/foodtourljubljana.com\/fr\/wp-json\/wp\/v2\/comments?post=22"}],"version-history":[{"count":18,"href":"https:\/\/foodtourljubljana.com\/fr\/wp-json\/wp\/v2\/pages\/22\/revisions"}],"predecessor-version":[{"id":597,"href":"https:\/\/foodtourljubljana.com\/fr\/wp-json\/wp\/v2\/pages\/22\/revisions\/597"}],"wp:attachment":[{"href":"https:\/\/foodtourljubljana.com\/fr\/wp-json\/wp\/v2\/media?parent=22"}],"curies":[{"name":"wp","href":"https:\/\/api.w.org\/{rel}","templated":true}]}}