{"id":22,"date":"2022-07-27T08:13:18","date_gmt":"2022-07-27T08:13:18","guid":{"rendered":"http:\/\/foodtourljubljana.com\/?page_id=22"},"modified":"2026-03-05T07:07:37","modified_gmt":"2026-03-05T07:07:37","slug":"geschenkgutschein","status":"publish","type":"page","link":"https:\/\/foodtourljubljana.com\/de\/geschenkgutschein\/","title":{"rendered":"Geschenkgutschein"},"content":{"rendered":"<p>\u00dcberraschen Sie jemanden, der gerne isst, mit dem Geschenk einer Food Tour durch Ljubljana.<\/p>\n\n\n\n<p>Der Gutschein ist 6 Monate lang g\u00fcltig und der Empf\u00e4nger kann ihn zu einem beliebigen Zeitpunkt einl\u00f6sen.<\/p>\n\n\n\n<p><strong>Price: 89\u20ac per person<\/strong><\/p>\n\n\n\n<p><strong>F\u00fcllen Sie das Formular aus oder rufen Sie uns an unter 00 386 41 90 50 70<\/strong><strong>. Sie k\u00f6nnen Ihren Gutschein sofort nach Ihrem Einkauf erhalten.<\/strong><\/p>\n\n\n\n<p>Wir k\u00f6nnen Ihnen einen Geschenkgutschein per E-Mail zuschicken, damit Sie ihn selbst ausdrucken k\u00f6nnen, oder Sie k\u00f6nnen ihn pers\u00f6nlich in unserem B\u00fcro im Stadtzentrum von Ljubljana abholen.<\/p>","protected":false},"excerpt":{"rendered":"<p>Surprise someone that enjoys tasting food with the gift to experience our Food Tour Ljubljana. The voucher is valid for 6 months and the recipient may decide to use it at any available date. Price: 89\u20ac per person Fill the form or call us on 00 386&nbsp;41 90 50 70. You can receive your voucher &hellip; <a href=\"https:\/\/foodtourljubljana.com\/de\/geschenkgutschein\/\">Fortsetzung<\/a><\/p>","protected":false},"author":45,"featured_media":0,"parent":0,"menu_order":0,"comment_status":"closed","ping_status":"closed","template":"","meta":{"_acf_changed":false,"footnotes":""},"acf":{"page_subheading":"Looking to find a gift for your foodie friend? A voucher for a food tour in Ljubljana is the best gift they could wish for."},"_links":{"self":[{"href":"https:\/\/foodtourljubljana.com\/de\/wp-json\/wp\/v2\/pages\/22"}],"collection":[{"href":"https:\/\/foodtourljubljana.com\/de\/wp-json\/wp\/v2\/pages"}],"about":[{"href":"https:\/\/foodtourljubljana.com\/de\/wp-json\/wp\/v2\/types\/page"}],"author":[{"embeddable":true,"href":"https:\/\/foodtourljubljana.com\/de\/wp-json\/wp\/v2\/users\/45"}],"replies":[{"embeddable":true,"href":"https:\/\/foodtourljubljana.com\/de\/wp-json\/wp\/v2\/comments?post=22"}],"version-history":[{"count":18,"href":"https:\/\/foodtourljubljana.com\/de\/wp-json\/wp\/v2\/pages\/22\/revisions"}],"predecessor-version":[{"id":597,"href":"https:\/\/foodtourljubljana.com\/de\/wp-json\/wp\/v2\/pages\/22\/revisions\/597"}],"wp:attachment":[{"href":"https:\/\/foodtourljubljana.com\/de\/wp-json\/wp\/v2\/media?parent=22"}],"curies":[{"name":"wp","href":"https:\/\/api.w.org\/{rel}","templated":true}]}}